{"id":11950,"date":"2025-01-27T12:51:11","date_gmt":"2025-01-27T10:51:11","guid":{"rendered":"https:\/\/b2b-cms.gr\/?post_type=product&#038;p=11950"},"modified":"2025-05-20T21:56:42","modified_gmt":"2025-05-20T19:56:42","slug":"cms-pos-t8","status":"publish","type":"product","link":"https:\/\/b2b-cms.gr\/?product=cms-pos-t8","title":{"rendered":"CMS POS-T8 &#8211; 8&#8221;INCH POS"},"content":{"rendered":"<p>&nbsp;<\/p>\n<p>1. \u039c\u03b5\u03b3\u03ac\u03bb\u03b7 \u03bf\u03b8\u03cc\u03bd\u03b7 8 \u03b9\u03bd\u03c4\u03c3\u03ce\u03bd.<br \/>\n2. RAM 3G+ROM 16GB 4G all Netcom WIFI.<br \/>\n3. \u0395\u03ba\u03c4\u03cd\u03c0\u03c9\u03c3\u03b7 \u03bc\u03b5 \u03c4\u03b1\u03c7\u03cd\u03c4\u03b7\u03c4\u03b1 90mm\/s.<\/p>\n<p>Android 14 GMS \u03a0\u03b9\u03c3\u03c4\u03bf\u03c0\u03bf\u03af\u03b7\u03c3\u03b7<\/p>\n<p>4. \u0394\u03b9\u03c0\u03bb\u03ae \u03b5\u03ba\u03c4\u03cd\u03c0\u03c9\u03c3\u03b7 \u03b5\u03c4\u03b9\u03ba\u03ad\u03c4\u03b1\u03c2\/\u03b1\u03c0\u03cc\u03b4\u03b5\u03b9\u03be\u03b7\u03c2.<br \/>\n5. \u0397 \u03c5\u03c0\u03bf\u03b4\u03bf\u03c7\u03ae \u03c7\u03b1\u03c1\u03c4\u03b9\u03bf\u03cd \u03b4\u03b9\u03b1\u03b8\u03ad\u03c4\u03b5\u03b9 \u03b5\u03bd\u03c3\u03c9\u03bc\u03b1\u03c4\u03c9\u03bc\u03ad\u03bd\u03b7 \u03c3\u03c5\u03c1\u03cc\u03bc\u03b5\u03bd\u03b7 \u03c0\u03bb\u03ac\u03ba\u03b1.<br \/>\n6. \u039c\u03c0\u03b1\u03c4\u03b1\u03c1\u03af\u03b1 \u03bb\u03b9\u03b8\u03af\u03bf\u03c5-\u03ba\u03bf\u03b2\u03b1\u03bb\u03c4\u03af\u03bf\u03c5 6400mAh 100% \u03ba\u03b1\u03b8\u03b1\u03c1\u03cc, \u03c0\u03b9\u03c3\u03c4\u03bf\u03c0\u03bf\u03b9\u03b7\u03bc\u03ad\u03bd\u03b7 \u03b1\u03c0\u03cc \u03c4\u03b7\u03bd GMS.<br \/>\n7. \u03a0\u03c1\u03bf\u03b1\u03b9\u03c1\u03b5\u03c4\u03b9\u03ba\u03cc \u03b4\u03b1\u03ba\u03c4\u03c5\u03bb\u03b9\u03ba\u03cc \u03b1\u03c0\u03bf\u03c4\u03cd\u03c0\u03c9\u03bc\u03b1 5 Mega-Pixel.<br \/>\n8. \u03a3\u03ac\u03c1\u03c9\u03c3\u03b7 \u03c5\u03c0\u03b5\u03c1\u03cd\u03b8\u03c1\u03c9\u03bd.<br \/>\n\u039a\u03ac\u03c1\u03c4\u03b1 SIM *2 &#8211; \u03a5\u03c0\u03bf\u03c3\u03c4\u03ae\u03c1\u03b9\u03be\u03b7 \u03c4\u03b7\u03bb\u03b5\u03c6\u03c9\u03bd\u03b9\u03ba\u03ce\u03bd \u03ba\u03bb\u03ae\u03c3\u03b5\u03c9\u03bd \u03ba\u03b1\u03b9 \u03b1\u03c0\u03bf\u03c3\u03c4\u03bf\u03bb\u03ae\u03c2 \u03bc\u03b7\u03bd\u03c5\u03bc\u03ac\u03c4\u03c9\u03bd.<br \/>\n\u039f\u03b9\u03ba\u03bf\u03bb\u03bf\u03b3\u03b9\u03ba\u03ae \u03b1\u03bd\u03b1\u03ba\u03c5\u03ba\u03bb\u03ce\u03c3\u03b9\u03bc\u03b7 \u03c3\u03c5\u03c3\u03ba\u03b5\u03c5\u03b1\u03c3\u03af\u03b1.<\/p>\n<p>Scanner: 2D Bar code scanner<\/p>\n<p>Slot: Type-C\u00d71(OTG), SIM \u00d72(Optional), RJ12\u00d71, RJ11\u00d71, LAN\u00d71, USB-A\u00d72, DC\u00d71(Charging)<\/p>\n","protected":false},"excerpt":{"rendered":"<p><span style=\"font-family: Arial, Helvetica, sans-serif;\">\u03a4\u03bf T8&amp;T8R\u00a0<\/span>\u00a0<span style=\"font-family: Arial, Helvetica, sans-serif;\">\u03b5\u03af\u03bd\u03b1\u03b9 \u03ad\u03bd\u03b1<\/span>\u00a0Android POS \u03bc\u03b5\u00a0\u00a0\u0391\u03c0\u03cc\u03b4\u03b5\u03b9\u03be\u03b7\u00a0<span style=\"font-family: Arial, Helvetica, sans-serif;\">80mm \u03ae 58mm<\/span>\u00a0\u00a0\u03ba\u03b1\u03b9 \u03b5\u03ba\u03c4\u03cd\u03c0\u03c9\u03c3\u03b7 \u03b5\u03c4\u03b9\u03ba\u03b5\u03c4\u03ce\u03bd\u00a0<span style=\"font-family: Arial, Helvetica, sans-serif;\">r, \u03ad\u03c7\u03b5\u03b9<\/span>\u00a0\u03ba\u03b1\u03bb\u03ae\u00a0\u03c3\u03c7\u03b5\u03b4\u03af\u03b1\u03c3\u03b7 \u03b1\u03bd\u03b1\u03b3\u03bd\u03c9\u03c1\u03b9\u03c3\u03c4\u03b9\u03ba\u03bf\u03cd \u03ba\u03b1\u03b9 CMF\u00a0.\u00a0\u0395\u03bd\u03c3\u03c9\u03bc\u03b1\u03c4\u03c9\u03bc\u03ad\u03bd\u03b7 \u03bf\u03b8\u03cc\u03bd\u03b7 \u03b1\u03c6\u03ae\u03c2\u00a0<span style=\"font-family: Arial, Helvetica, sans-serif;\">8<\/span>\u00a0\u00a0\u03b9\u03bd\u03c4\u03c3\u03ce\u03bd\u00a0, \u03bb\u03b5\u03b9\u03c4\u03bf\u03c5\u03c1\u03b3\u03b9\u03ba\u03cc \u03c3\u03cd\u03c3\u03c4\u03b7\u03bc\u03b1 android\u00a0\u00a0\u03ba\u03b1\u03b9 Dual S\u00a0<span style=\"font-family: Arial, Helvetica, sans-serif;\">IM<\/span>\u00a04\u00a0G LTE\u00a0<span style=\"font-family: Arial, Helvetica, sans-serif;\">,<\/span>\u00a0WiFi\u00a0,\u00a0Bluetooth ,\u00a0\u00a0\u03b5\u03c0\u03b9\u03ba\u03bf\u03b9\u03bd\u03c9\u03bd\u03af\u03b1\u00a0<span style=\"font-family: Arial, Helvetica, sans-serif;\">GPS<\/span>\u00a0.<\/p>\n<p>&nbsp;<\/p>\n<p>\u0394\u03b9\u03b1\u03b8\u03ad\u03c4\u03b5\u03b9 \u03c0\u03c1\u03bf\u03b7\u03b3\u03bc\u03ad\u03bd\u03bf \u03ba\u03b5\u03bd\u03c4\u03c1\u03b9\u03ba\u03cc \u03b5\u03c0\u03b5\u03be\u03b5\u03c1\u03b3\u03b1\u03c3\u03c4\u03ae\u00a0SOC\u00a0<span style=\"font-family: Arial, Helvetica, sans-serif;\">8<\/span>\u00a0\u00a0\u03c0\u03c5\u03c1\u03ae\u03bd\u03b1\u00a0\u00a0<span style=\"font-family: Arial, Helvetica, sans-serif;\">1,6<\/span>\u00a0G\u00a0<span style=\"font-family: Arial, Helvetica, sans-serif;\">Hz<\/span>\u00a0\u00a0\u03ae RK3562 \u03b3\u03b9\u03b1 \u03b5\u03c0\u03b9\u03bb\u03bf\u03b3\u03ae \u03ba\u03b1\u03b9 \u03bc\u03b5\u03b3\u03ac\u03bb\u03b7 \u03c7\u03c9\u03c1\u03b7\u03c4\u03b9\u03ba\u03cc\u03c4\u03b7\u03c4\u03b1 \u03bc\u03bd\u03ae\u03bc\u03b7\u03c2 3 GB\u00a0+ 16 G\u00a0B\u00a0\u00a0\u03ae 4 GB + 64 GB,\u00a0\u00a0\u03b2\u03b5\u03b2\u03b1\u03b9\u03c9\u03b8\u03b5\u03af\u03c4\u03b5\u00a0\u03cc\u03c4\u03b9 \u03ba\u03ac\u03b8\u03b5 \u03b5\u03c6\u03b1\u03c1\u03bc\u03bf\u03b3\u03ae \u03b5\u03ba\u03c4\u03b5\u03bb\u03b5\u03af\u03c4\u03b1\u03b9 \u03bf\u03bc\u03b1\u03bb\u03ac.<\/p>\n<p>&nbsp;<\/p>\n<p>\u0394\u03b9\u03b1\u03b8\u03ad\u03c4\u03b5\u03b9\u00a0\u03bc\u03b1\u03ba\u03c1\u03ac\u03c2 \u03b4\u03b9\u03ac\u03c1\u03ba\u03b5\u03b9\u03b1\u03c2\u00a0\u03b1\u03bd\u03b1\u03bc\u03bf\u03bd\u03ae\u00a0\u03ba\u03b1\u03b9\u00a0\u03b1\u03c6\u03b1\u03b9\u03c1\u03bf\u03cd\u03bc\u03b5\u03bd\u03b7\u00a0\u03bc\u03c0\u03b1\u03c4\u03b1\u03c1\u03af\u03b1\u00a03,8 V\u00a0<span style=\"font-family: Arial, Helvetica, sans-serif;\">\/<\/span>\u00a06400\u00a0m\u00a0A\u00a0h\u00a0\u00a0\u03c0\u03bf\u03c5 \u03b5\u03af\u03bd\u03b1\u03b9\u00a0100\u00a0% \u03ba\u03b1\u03b8\u03b1\u03c1\u03cc \u03bb\u03af\u03b8\u03b9\u03bf \u03ba\u03bf\u03b2\u03b1\u03bb\u03c4\u03af\u03bf\u03c5\u00a0\u00a0\u03ba\u03b1\u03b9 \u03b5\u03c0\u03b1\u03bd\u03b1\u03c6\u03bf\u03c1\u03c4\u03af\u03b6\u03b5\u03c4\u03b1\u03b9\u00a0400 \u03ba\u03cd\u03ba\u03bb\u03bf\u03c2 \u226580%\u00a0\u00a0\u03b3\u03b9\u03b1 \u03bd\u03b1 \u03b4\u03b9\u03b1\u03c4\u03b7\u03c1\u03b5\u03af\u03c4\u03b1\u03b9 \u03c3\u03b5 \u03bb\u03b5\u03b9\u03c4\u03bf\u03c5\u03c1\u03b3\u03af\u03b1 1-2 \u03c7\u03c1\u03cc\u03bd\u03b9\u03b1\u00a0\u03bc\u03b5\u00a0\u03bf\u03c0\u03bf\u03b9\u03bf\u03b4\u03ae\u03c0\u03bf\u03c4\u03b5\u00a0\u03c4\u03c1\u03b9\u03c0\u03bb\u03cc\u00a0.<\/p>\n<p>&nbsp;<\/p>\n<p>\u0391\u03c5\u03c4\u03cc\u03bc\u03b1\u03c4\u03bf \u03c3\u03c4\u03b1\u03b8\u03b5\u03c1\u03cc\u00a0\u00a0\u03bc\u03bf\u03bd\u03c4\u03ad\u03bb\u03bf \u03c3\u03ac\u03c1\u03c9\u03c3\u03b7\u03c2 \u03b3\u03c1\u03b1\u03bc\u03bc\u03c9\u03c4\u03bf\u03cd \u03ba\u03ce\u03b4\u03b9\u03ba\u03b1 2D, \u03c4\u03bf \u03bf\u03c0\u03bf\u03af\u03bf \u03bc\u03c0\u03bf\u03c1\u03b5\u03af \u03bd\u03b1 \u03ba\u03ac\u03bd\u03b5\u03b9 \u03c3\u03ac\u03c1\u03c9\u03c3\u03b7 \u03bc\u03b5 \u03ad\u03bd\u03b1 \u03c0\u03bb\u03ae\u03ba\u03c4\u03c1\u03bf \u03b3\u03b9\u03b1 \u03b5\u03cd\u03ba\u03bf\u03bb\u03b7 \u03ba\u03b1\u03b9 \u03c4\u03b1\u03c7\u03cd\u03c4\u03b5\u03c1\u03b7 \u03c3\u03ac\u03c1\u03c9\u03c3\u03b7\u00a0<span style=\"font-family: Arial, Helvetica, sans-serif;\">.<\/span><\/p>\n","protected":false},"featured_media":12051,"comment_status":"open","ping_status":"closed","template":"","meta":[],"product_brand":[],"product_cat":[16],"product_tag":[78],"class_list":{"0":"post-11950","1":"product","2":"type-product","3":"status-publish","4":"has-post-thumbnail","6":"product_cat-softpos-","7":"product_tag-cash-machine","8":"_wholesalex wsx-wholesalex-product","10":"first","11":"instock","12":"sale","13":"taxable","14":"shipping-taxable","15":"product-type-simple"},"jetpack_sharing_enabled":true,"_links":{"self":[{"href":"https:\/\/b2b-cms.gr\/index.php?rest_route=\/wp\/v2\/product\/11950","targetHints":{"allow":["GET"]}}],"collection":[{"href":"https:\/\/b2b-cms.gr\/index.php?rest_route=\/wp\/v2\/product"}],"about":[{"href":"https:\/\/b2b-cms.gr\/index.php?rest_route=\/wp\/v2\/types\/product"}],"replies":[{"embeddable":true,"href":"https:\/\/b2b-cms.gr\/index.php?rest_route=%2Fwp%2Fv2%2Fcomments&post=11950"}],"wp:featuredmedia":[{"embeddable":true,"href":"https:\/\/b2b-cms.gr\/index.php?rest_route=\/wp\/v2\/media\/12051"}],"wp:attachment":[{"href":"https:\/\/b2b-cms.gr\/index.php?rest_route=%2Fwp%2Fv2%2Fmedia&parent=11950"}],"wp:term":[{"taxonomy":"product_brand","embeddable":true,"href":"https:\/\/b2b-cms.gr\/index.php?rest_route=%2Fwp%2Fv2%2Fproduct_brand&post=11950"},{"taxonomy":"product_cat","embeddable":true,"href":"https:\/\/b2b-cms.gr\/index.php?rest_route=%2Fwp%2Fv2%2Fproduct_cat&post=11950"},{"taxonomy":"product_tag","embeddable":true,"href":"https:\/\/b2b-cms.gr\/index.php?rest_route=%2Fwp%2Fv2%2Fproduct_tag&post=11950"}],"curies":[{"name":"wp","href":"https:\/\/api.w.org\/{rel}","templated":true}]}}