{"id":650,"date":"2025-01-04T18:32:35","date_gmt":"2025-01-04T18:32:35","guid":{"rendered":"https:\/\/b2b-cms.gr\/?product=k2-mini-156-pos-kiosk"},"modified":"2025-01-19T23:59:35","modified_gmt":"2025-01-19T21:59:35","slug":"k2-mini-156-pos-kiosk","status":"publish","type":"product","link":"https:\/\/b2b-cms.gr\/?product=k2-mini-156-pos-kiosk","title":{"rendered":"K2 Mini 15,6&#8243; POS KIOSK"},"content":{"rendered":"<table class=\"table table-bordered\">\n<thead>\n<tr>\n<td colspan=\"2\"><strong>Kiosk POS<\/strong><\/td>\n<\/tr>\n<\/thead>\n<tbody>\n<tr>\n<td>\u039f\u03b8\u03cc\u03bd\u03b7<\/td>\n<td>15,6&#8243; FHD \u03ba\u03cd\u03c1\u03b9\u03b1 \u03bf\u03b8\u03cc\u03bd\u03b7 (1080&#215;1920) , \u039f\u03c1\u03b9\u03b6\u03cc\u03bd\u03c4\u03b9\u03b1 \u03bf\u03b8\u03cc\u03bd\u03b7 \u03b1\u03c6\u03ae\u03c2 (\u03c0\u03c1\u03bf\u03b1\u03b9\u03c1\u03b5\u03c4\u03b9\u03ba\u03ac): 15,6&#8243; FHD (1920&#215;1080)<\/td>\n<\/tr>\n<tr>\n<td>CPU<\/td>\n<td>Qualcomm Snapdragon Octa-core\/ Rockchip Quad-core<\/td>\n<\/tr>\n<tr>\n<td>\u039c\u03bd\u03ae\u03bc\u03b7<\/td>\n<td>16G ROM+ 2G RAM. Support Micro SD(TF) up to 64GB<\/td>\n<\/tr>\n<tr>\n<td>\u039b\u03b5\u03b9\u03c4\u03bf\u03c5\u03c1\u03b3\u03b9\u03ba\u03cc \u03c3\u03cd\u03c3\u03c4\u03b7\u03bc\u03b1-\u03c3\u03c5\u03bc\u03b2\u03b1\u03c4\u03cc\u03c4\u03b7\u03c4\u03b1<\/td>\n<td>Android 7.1 SUNMI OS<\/td>\n<\/tr>\n<tr>\n<td>\u03a3\u03c5\u03bd\u03b4\u03ad\u03c3\u03b5\u03b9\u03c2<\/td>\n<td>5\u00d7 USB Type-A ports, 1\u00d7 RJ11 Serial port, 1\u00d7 RJ12 Cashbox port, 1\u00d7 RJ45 LAN port, 1\u00d7 Audio jack, 1\u00d7 Power port, 1\u00d7 Micro USB debug port. \u03a5\u03c0\u03bf\u03c3\u03c4\u03b7\u03c1\u03af\u03b6\u03b5\u03b9 Bluetooth 2.1\/3.0\/4.0 BLE. Wi-Fi 2.4G\/5GHz IEEE 802.11 a\/b\/g\/n\/ac.<\/td>\n<\/tr>\n<tr>\n<td>Scanner<\/td>\n<td>\u03a5\u03c0\u03bf\u03c3\u03c4\u03b7\u03c1\u03af\u03b6\u03b5\u03b9 1D,2D \u03b1\u03bd\u03ac\u03b3\u03bd\u03c9\u03c3\u03b7 \u03b1\u03c0\u03cc \u03bf\u03b8\u03cc\u03bd\u03b7 \u03ba\u03b9\u03bd\u03b7\u03c4\u03bf\u03cd, \u03b5\u03ba\u03c4\u03c5\u03c0\u03c9\u03bc\u03ad\u03bd\u03b1 barcodes, QR code.<\/td>\n<\/tr>\n<tr>\n<td>Printer<\/td>\n<td>\u0398\u03b5\u03c1\u03bc\u03b9\u03ba\u03cc\u03c2 \u03b5\u03ba\u03c4\u03c5\u03c0\u03c9\u03c4\u03ae\u03c2 \u03b1\u03c0\u03bf\u03b4\u03b5\u03af\u03be\u03b5\u03c9\u03bd \u03bc\u03b5 \u03b1\u03c5\u03c4\u03cc\u03bc\u03b1\u03c4\u03bf \u03ba\u03cc\u03c6\u03c4\u03b7. \u03a5\u03c0\u03bf\u03c3\u03c4\u03b7\u03c1\u03af\u03b6\u03b5\u03b9 \u03b1\u03bd\u03b1\u03bb\u03ce\u03c3\u03b9\u03bc\u03b1 58\/80mm OD paper roll. \u03a4\u03b1\u03c7\u03cd\u03c4\u03b7\u03c4\u03b1 \u03b5\u03ba\u03c4\u03cd\u03c0\u03c9\u03c3\u03b7\u03c2 \u03bc\u03ad\u03c7\u03c1\u03b9 250mm\/s max.<\/td>\n<\/tr>\n<tr>\n<td>\u0395\u03c0\u03b9\u03c0\u03bb\u03ad\u03bf\u03bd \u03c7\u03b1\u03c1\u03b1\u03ba\u03c4\u03b7\u03c1\u03b9\u03c3\u03c4\u03b9\u03ba\u03ac Kiosks<\/td>\n<td>\u039a\u03ac\u03bc\u03b5\u03c1\u03b1: 3D structured light, \u03c5\u03c0\u03bf\u03c3\u03c4\u03b7\u03c1\u03af\u03b6\u03b5\u03b9 \u03c0\u03bb\u03b7\u03c1\u03c9\u03bc\u03ad\u03c2 FR, \u03b5\u03c0\u03b1\u03bb\u03ae\u03b8\u03b5\u03c5\u03c3\u03b7 \u03ba\u03b1\u03c1\u03c4\u03ce\u03bd \u03bc\u03b5\u03bb\u03ce\u03bd \u03ba.\u03b1. \/\u0397\u03c7\u03b5\u03af\u03bf: 3W \/ \u0398\u03b5\u03c1\u03bc\u03bf\u03ba\u03c1\u03b1\u03c3\u03af\u03b1 \u03bb\u03b5\u03b9\u03c4\u03bf\u03c5\u03c1\u03b3\u03af\u03b1\u03c2: 0 ~ 40 \u00b0 C, \u0398\u03b5\u03c1\u03bc\u03bf\u03ba\u03c1\u03b1\u03c3\u03af\u03b1 \u03b1\u03c0\u03bf\u03b8\u03ae\u03ba\u03b5\u03c5\u03c3\u03b7\u03c2: -20 \u2103 ~ 55 \u2103 \/ \u03a4\u03c1\u03bf\u03c6\u03bf\u03b4\u03bf\u03c4\u03b9\u03ba\u03cc: \u0395\u03af\u03c3\u03bf\u03b4\u03bf\u03c2: AC100 ~ 240V \/ 1.7A, \u0388\u03be\u03bf\u03b4\u03bf\u03c2: DC24V \/ 2.5A.<\/td>\n<\/tr>\n<tr>\n<td>\u0394\u03b9\u03b1\u03c3\u03c4\u03ac\u03c3\u03b5\u03b9\u03c2<\/td>\n<td>\u039c\u03b5 \u03b4\u03b9\u03c0\u03bb\u03ae \u03bf\u03b8\u03cc\u03bd\u03b7: 380 x 280 x590mm. \u039c\u03b5 \u03bc\u03bf\u03bd\u03ae \u03bf\u03b8\u03cc\u03bd\u03b7: 300 x 250 x 590 mm. \u0395\u03c0\u03b9\u03c4\u03bf\u03af\u03c7\u03b9\u03bf: 265 x 120 x 680 mm<\/td>\n<\/tr>\n<\/tbody>\n<\/table>\n","protected":false},"excerpt":{"rendered":"<div>\u0395\u03be\u03b5\u03bb\u03b9\u03b3\u03bc\u03ad\u03bd\u03bf \u03c3\u03cd\u03c3\u03c4\u03b7\u03bc\u03b1 Self-Service Kiosk \u03bc\u03b5 \u03c0\u03bf\u03bb\u03bb\u03b1\u03c0\u03bb\u03ad\u03c2 \u03b5\u03c6\u03b1\u03c1\u03bc\u03bf\u03b3\u03ad\u03c2. \u0395\u03bb\u03b1\u03c6\u03c1\u03cd, \u03bc\u03cc\u03bd\u03bf 10 \u03ba\u03b9\u03bb\u03ac. \u0395\u03c1\u03b3\u03bf\u03bd\u03bf\u03bc\u03b9\u03ba\u03cc\u03c2 \u03ba\u03b1\u03b9 \u03ba\u03bf\u03bc\u03c8\u03cc\u03c2 \u03c3\u03c7\u03b5\u03b4\u03b9\u03b1\u03c3\u03bc\u03cc\u03c2, \u03b5\u03bd\u03c3\u03c9\u03bc\u03b1\u03c4\u03c9\u03bc\u03ad\u03bd\u03b7 \u03ba\u03ac\u03bc\u03b5\u03c1\u03b1, \u03b4\u03c5\u03bd\u03b1\u03c4\u03cc\u03c4\u03b7\u03c4\u03b1 \u03b4\u03b9\u03c0\u03bb\u03ae\u03c2 \u03bf\u03b8\u03cc\u03bd\u03b7\u03c2 \u03bc\u03b5 \u03c4\u03b7\u03bd \u03ba\u03ac\u03b8\u03b5\u03c4\u03b7 \u03c3\u03c4\u03b9\u03c2 15,6 &#8220;. \u0399\u03b1\u03c0\u03c9\u03bd\u03b9\u03ba\u03cc\u03c2 \u03b5\u03ba\u03c4\u03c5\u03c0\u03c9\u03c4\u03ae\u03c2 Seiko 58mm \/ 80mm \u03c5\u03c0\u03bf\u03c3\u03c4\u03b7\u03c1\u03af\u03b6\u03b5\u03b9 \u03b5\u03ba\u03c4\u03cd\u03c0\u03c9\u03c3\u03b7 \u03c5\u03c8\u03b7\u03bb\u03ae\u03c2 \u03c4\u03b1\u03c7\u03cd\u03c4\u03b7\u03c4\u03b1\u03c2. \u0394\u03b5\u03bd \u03b1\u03c0\u03b1\u03b9\u03c4\u03b5\u03af\u03c4\u03b1\u03b9 \u03c3\u03c5\u03bd\u03b1\u03c1\u03bc\u03bf\u03bb\u03cc\u03b3\u03b7\u03c3\u03b7. \u039a\u03ac\u03bc\u03b5\u03c1\u03b1 \u03b1\u03bd\u03b1\u03b3\u03bd\u03ce\u03c1\u03b9\u03c3\u03b7\u03c2 \u03c0\u03c1\u03bf\u03c3\u03ce\u03c0\u03bf\u03c5. \u03a1\u03c5\u03b8\u03bc\u03b9\u03b6\u03cc\u03bc\u03b5\u03bd\u03b7 5 ~ 23 \u00b0. \u039f\u03b8\u03cc\u03bd\u03b7 \u03b1\u03c6\u03ae\u03c2 Full HD 15,6&#8221; \u03bc\u03b5 \u03b5\u03c5\u03c1\u03b5\u03af\u03b1 \u03b3\u03c9\u03bd\u03af\u03b1 \u03c0\u03c1\u03bf\u03b2\u03bf\u03bb\u03ae\u03c2, scanner \u03c3\u03b1\u03c1\u03c9\u03c4\u03ae\u03c2 \u03b4\u03b9\u03b1\u03b2\u03ac\u03b6\u03b5\u03b9 \u03b3\u03c1\u03b1\u03bc\u03bc\u03b9\u03ba\u03cc \u03ba\u03ce\u03b4\u03b9\u03ba\u03b1 barcode \u03ba\u03b1\u03b9 \u03ba\u03c9\u03b4\u03b9\u03ba\u03cc \u03c0\u03bb\u03b7\u03c1\u03c9\u03bc\u03ae\u03c2 QR. \u039b\u03b5\u03b9\u03c4\u03bf\u03c5\u03c1\u03b3\u03b9\u03ba\u03cc \u03c3\u03cd\u03c3\u03c4\u03b7\u03bc\u03b1\u00a0 Android 7.1\u00a0 \u03ba\u03b1\u03b9 SUNMI OS. \u0395\u03c0\u03b5\u03be\u03b5\u03c1\u03b3\u03b1\u03c3\u03c4\u03ae\u03c2 Qualcomm Snapdragon Octa-core\/ Rockchip Quad-core. Bluetooth , Wi-Fi. \u0394\u03c5\u03bd\u03b1\u03c4\u03cc\u03c4\u03b7\u03c4\u03b1 \u03b5\u03c0\u03b1\u03bb\u03ae\u03b8\u03b5\u03c5\u03c3\u03b7 \u03c4\u03b1\u03c5\u03c4\u03cc\u03c4\u03b7\u03c4\u03b1\u03c2 \u03c0\u03c1\u03bf\u03c3\u03ce\u03c0\u03bf\u03c5, \u03c0\u03bb\u03b7\u03c1\u03c9\u03bc\u03ae \u03b2\u03ac\u03c3\u03b5\u03b9 \u03c4\u03b7\u03c2 \u03c4\u03b1\u03c5\u03c4\u03cc\u03c4\u03b7\u03c4\u03b1\u03c2. \u0397 \u03c3\u03ac\u03c1\u03c9\u03c3\u03b7 \u03c0\u03c1\u03b1\u03b3\u03bc\u03b1\u03c4\u03bf\u03c0\u03bf\u03b9\u03b5\u03af\u03c4\u03b1\u03b9 \u03bc\u03b5 \u03ba\u03bb\u03af\u03c3\u03b7 7,5 \u00b0 \u03c0\u03c1\u03bf\u03c2 \u03c4\u03bf\u03c5\u03c2 \u03c0\u03b5\u03bb\u03ac\u03c4\u03b5\u03c2, \u03c4\u03bf \u03bf\u03c0\u03bf\u03af\u03bf \u03b5\u03af\u03bd\u03b1\u03b9 \u03b5\u03c1\u03b3\u03bf\u03bd\u03bf\u03bc\u03b9\u03ba\u03ac \u03b2\u03bf\u03bb\u03b9\u03ba\u03cc. \u039c\u03b5 \u03c4\u03bf K2 MINI (ReX Flix), \u03bf\u03b9 \u03c0\u03b5\u03bb\u03ac\u03c4\u03b5\u03c2 \u03bc\u03c0\u03bf\u03c1\u03bf\u03cd\u03bd \u03bd\u03b1 \u03c0\u03bb\u03b7\u03c1\u03ce\u03c3\u03bf\u03c5\u03bd \u03b4\u03b5\u03af\u03c7\u03bd\u03bf\u03bd\u03c4\u03b1\u03c2 \u03c4\u03bf\u03bd \u03ba\u03c9\u03b4\u03b9\u03ba\u03cc \u03c0\u03bb\u03b7\u03c1\u03c9\u03bc\u03ae\u03c2 \u03b1\u03c6\u03bf\u03cd \u03c3\u03b1\u03c1\u03ce\u03c3\u03bf\u03c5\u03bd \u03c4\u03b1 barcode \u03c4\u03c9\u03bd \u03c0\u03c1\u03bf\u03ca\u03cc\u03bd\u03c4\u03c9\u03bd, \u03b1\u03c0\u03bf\u03c6\u03b5\u03cd\u03b3\u03bf\u03bd\u03c4\u03b1\u03c2 \u03c4\u03b7\u03bd \u03b5\u03c0\u03b1\u03c6\u03ae \u03bc\u03b5 \u03c4\u03bf\u03c5\u03c2 \u03b5\u03c1\u03b3\u03b1\u03b6\u03cc\u03bc\u03b5\u03bd\u03bf\u03c5\u03c2. \u039f\u03b9 \u03b1\u03c0\u03bf\u03b4\u03b5\u03af\u03be\u03b5\u03b9\u03c2 \u03cc\u03bb\u03c9\u03bd \u03c4\u03c9\u03bd \u03c3\u03c5\u03bd\u03b1\u03bb\u03bb\u03b1\u03b3\u03ce\u03bd \u03bc\u03c0\u03bf\u03c1\u03bf\u03cd\u03bd \u03bd\u03b1 \u03b5\u03ba\u03c4\u03c5\u03c0\u03c9\u03b8\u03bf\u03cd\u03bd \u03b1\u03c5\u03c4\u03cc\u03bc\u03b1\u03c4\u03b1 \u03b3\u03b9\u03b1 \u03c4\u03bf\u03c5\u03c2 \u03c0\u03b5\u03bb\u03ac\u03c4\u03b5\u03c2 \u03b3\u03b9\u03b1 \u03bd\u03b1 \u03b5\u03bb\u03ad\u03b3\u03be\u03bf\u03c5\u03bd \u03c4\u03b9\u03c2 \u03c0\u03bb\u03b7\u03c1\u03bf\u03c6\u03bf\u03c1\u03af\u03b5\u03c2 \u03c4\u03c9\u03bd \u03c0\u03c1\u03bf\u03ca\u03cc\u03bd\u03c4\u03c9\u03bd \u03c0\u03bf\u03c5 \u03b1\u03b3\u03bf\u03c1\u03ac\u03c3\u03c4\u03b7\u03ba\u03b1\u03bd \u03b5\u03ac\u03bd \u03c7\u03c1\u03b5\u03b9\u03b1\u03c3\u03c4\u03b5\u03af.<\/div>\n<div><\/div>\n","protected":false},"featured_media":649,"comment_status":"open","ping_status":"closed","template":"","meta":[],"product_brand":[],"product_cat":[16],"product_tag":[82],"class_list":{"0":"post-650","1":"product","2":"type-product","3":"status-publish","4":"has-post-thumbnail","6":"product_cat-softpos-","7":"product_tag-sunmi","8":"_wholesalex wsx-wholesalex-product","10":"first","11":"instock","12":"sale","13":"taxable","14":"shipping-taxable","15":"product-type-simple"},"jetpack_sharing_enabled":true,"_links":{"self":[{"href":"https:\/\/b2b-cms.gr\/index.php?rest_route=\/wp\/v2\/product\/650","targetHints":{"allow":["GET"]}}],"collection":[{"href":"https:\/\/b2b-cms.gr\/index.php?rest_route=\/wp\/v2\/product"}],"about":[{"href":"https:\/\/b2b-cms.gr\/index.php?rest_route=\/wp\/v2\/types\/product"}],"replies":[{"embeddable":true,"href":"https:\/\/b2b-cms.gr\/index.php?rest_route=%2Fwp%2Fv2%2Fcomments&post=650"}],"wp:featuredmedia":[{"embeddable":true,"href":"https:\/\/b2b-cms.gr\/index.php?rest_route=\/wp\/v2\/media\/649"}],"wp:attachment":[{"href":"https:\/\/b2b-cms.gr\/index.php?rest_route=%2Fwp%2Fv2%2Fmedia&parent=650"}],"wp:term":[{"taxonomy":"product_brand","embeddable":true,"href":"https:\/\/b2b-cms.gr\/index.php?rest_route=%2Fwp%2Fv2%2Fproduct_brand&post=650"},{"taxonomy":"product_cat","embeddable":true,"href":"https:\/\/b2b-cms.gr\/index.php?rest_route=%2Fwp%2Fv2%2Fproduct_cat&post=650"},{"taxonomy":"product_tag","embeddable":true,"href":"https:\/\/b2b-cms.gr\/index.php?rest_route=%2Fwp%2Fv2%2Fproduct_tag&post=650"}],"curies":[{"name":"wp","href":"https:\/\/api.w.org\/{rel}","templated":true}]}}